{"id":23570,"date":"2025-07-01T12:32:10","date_gmt":"2025-07-01T12:32:10","guid":{"rendered":"https:\/\/lonfilyarns.com\/?post_type=product&#038;p=23570"},"modified":"2025-07-03T14:19:49","modified_gmt":"2025-07-03T14:19:49","slug":"folegan-copy-copy-copy","status":"publish","type":"product","link":"https:\/\/lonfilyarns.com\/it\/product\/folegan-copy-copy-copy\/","title":{"rendered":"RIO"},"content":{"rendered":"<p>100% POLIESTERE<\/p>\n<p class=\"p1\"><em>Rio <\/em>\u00e8 un &#8220;chucl\u00e9&#8221;: un boucl\u00e9 realizzato con la ciniglia. Questo filato permette di ottenere un effetto bicolore con un unico bagno di tintura e offre ampie sezioni di colori contrastanti mantenendo la morbidezza della ciniglia. Il cliente pu\u00f2 scegliere qualsiasi combinazione di due colori.  <\/p>\n","protected":false},"excerpt":{"rendered":"<p>100% POLIESTERE Rio \u00e8 un &#8220;chucl\u00e9&#8221;: un boucl\u00e9 realizzato con la ciniglia. Questo filato permette&hellip;<\/p>\n","protected":false},"featured_media":23602,"template":"","meta":[],"product_brand":[],"product_cat":[471],"product_tag":[],"class_list":{"0":"post-23570","1":"product","2":"type-product","3":"status-publish","4":"has-post-thumbnail","6":"product_cat-test-1-it","8":"first","9":"instock","10":"shipping-taxable","11":"purchasable","12":"product-type-simple"},"_links":{"self":[{"href":"https:\/\/lonfilyarns.com\/it\/wp-json\/wp\/v2\/product\/23570","targetHints":{"allow":["GET"]}}],"collection":[{"href":"https:\/\/lonfilyarns.com\/it\/wp-json\/wp\/v2\/product"}],"about":[{"href":"https:\/\/lonfilyarns.com\/it\/wp-json\/wp\/v2\/types\/product"}],"wp:featuredmedia":[{"embeddable":true,"href":"https:\/\/lonfilyarns.com\/it\/wp-json\/wp\/v2\/media\/23602"}],"wp:attachment":[{"href":"https:\/\/lonfilyarns.com\/it\/wp-json\/wp\/v2\/media?parent=23570"}],"wp:term":[{"taxonomy":"product_brand","embeddable":true,"href":"https:\/\/lonfilyarns.com\/it\/wp-json\/wp\/v2\/product_brand?post=23570"},{"taxonomy":"product_cat","embeddable":true,"href":"https:\/\/lonfilyarns.com\/it\/wp-json\/wp\/v2\/product_cat?post=23570"},{"taxonomy":"product_tag","embeddable":true,"href":"https:\/\/lonfilyarns.com\/it\/wp-json\/wp\/v2\/product_tag?post=23570"}],"curies":[{"name":"wp","href":"https:\/\/api.w.org\/{rel}","templated":true}]}}