{"id":23526,"date":"2025-07-01T12:18:52","date_gmt":"2025-07-01T12:18:52","guid":{"rendered":"https:\/\/lonfilyarns.com\/?post_type=product&#038;p=23526"},"modified":"2025-07-03T14:21:01","modified_gmt":"2025-07-03T14:21:01","slug":"diamond-scheda-colore-disponibile-copy","status":"publish","type":"product","link":"https:\/\/lonfilyarns.com\/it\/product\/diamond-scheda-colore-disponibile-copy\/","title":{"rendered":"Luce solare Boucl\u00e9"},"content":{"rendered":"<p>100% ACRILICO TINTO IN MASSA PER ESTERNI<\/p>\n<p><i>Sunlight Boucl\u00e9<\/i> \u00e8 un filato per esterni di qualit\u00e0 superiore realizzato in acrilico tinto in massa, progettato per garantire un&#8217;eccezionale resistenza alla luce e una tenacia superiore. Ideale per tappezzerie da esterno e tessuti performanti, Diamond assicura una vivacit\u00e0 del colore e una durata durature anche negli ambienti pi\u00f9 difficili. \u00c8 la scelta perfetta per aggiungere texture ai tessuti per esterni.  <\/p>\n","protected":false},"excerpt":{"rendered":"<p>100% ACRILICO TINTO IN MASSA PER ESTERNI Sunlight Boucl\u00e9 \u00e8 un filato per esterni di&hellip;<\/p>\n","protected":false},"featured_media":23614,"template":"","meta":[],"product_brand":[],"product_cat":[471],"product_tag":[],"class_list":{"0":"post-23526","1":"product","2":"type-product","3":"status-publish","4":"has-post-thumbnail","6":"product_cat-test-1-it","8":"first","9":"instock","10":"shipping-taxable","11":"purchasable","12":"product-type-variable"},"_links":{"self":[{"href":"https:\/\/lonfilyarns.com\/it\/wp-json\/wp\/v2\/product\/23526","targetHints":{"allow":["GET"]}}],"collection":[{"href":"https:\/\/lonfilyarns.com\/it\/wp-json\/wp\/v2\/product"}],"about":[{"href":"https:\/\/lonfilyarns.com\/it\/wp-json\/wp\/v2\/types\/product"}],"wp:featuredmedia":[{"embeddable":true,"href":"https:\/\/lonfilyarns.com\/it\/wp-json\/wp\/v2\/media\/23614"}],"wp:attachment":[{"href":"https:\/\/lonfilyarns.com\/it\/wp-json\/wp\/v2\/media?parent=23526"}],"wp:term":[{"taxonomy":"product_brand","embeddable":true,"href":"https:\/\/lonfilyarns.com\/it\/wp-json\/wp\/v2\/product_brand?post=23526"},{"taxonomy":"product_cat","embeddable":true,"href":"https:\/\/lonfilyarns.com\/it\/wp-json\/wp\/v2\/product_cat?post=23526"},{"taxonomy":"product_tag","embeddable":true,"href":"https:\/\/lonfilyarns.com\/it\/wp-json\/wp\/v2\/product_tag?post=23526"}],"curies":[{"name":"wp","href":"https:\/\/api.w.org\/{rel}","templated":true}]}}