{"id":23498,"date":"2025-02-17T11:26:17","date_gmt":"2025-02-17T11:26:17","guid":{"rendered":"https:\/\/lonfilyarns.com\/product\/vento-del-deserto\/"},"modified":"2025-07-03T15:19:14","modified_gmt":"2025-07-03T15:19:14","slug":"vento-del-deserto","status":"publish","type":"product","link":"https:\/\/lonfilyarns.com\/it\/product\/vento-del-deserto\/","title":{"rendered":"Desert Wind"},"content":{"rendered":"<p>100% COTONE ORGANICO<\/p>\n<p class=\"p1\"><em>Desert Wind<\/em> \u00e8 un filato di ciniglia realizzato in cotone biologico al 100% che offre una mano morbida e naturale con una finitura pulita e opaca. Proveniente da fonti sostenibili e privo di sostanze chimiche nocive, \u00e8 ideale per progetti eco-consapevoli che non scendono a compromessi in termini di comfort o qualit\u00e0. Desert Wind pu\u00f2 essere tinto in massa da Lonfil in qualsiasi colore per soddisfare le tue esigenze.  <\/p>\n","protected":false},"excerpt":{"rendered":"<p>100% COTONE ORGANICO Desert Wind \u00e8 un filato di ciniglia realizzato in cotone biologico al&hellip;<\/p>\n","protected":false},"featured_media":21376,"template":"","meta":[],"product_brand":[],"product_cat":[462],"product_tag":[],"class_list":{"0":"post-23498","1":"product","2":"type-product","3":"status-publish","4":"has-post-thumbnail","6":"product_cat-collezione-lonfil","8":"first","9":"instock","10":"shipping-taxable","11":"purchasable","12":"product-type-simple"},"_links":{"self":[{"href":"https:\/\/lonfilyarns.com\/it\/wp-json\/wp\/v2\/product\/23498","targetHints":{"allow":["GET"]}}],"collection":[{"href":"https:\/\/lonfilyarns.com\/it\/wp-json\/wp\/v2\/product"}],"about":[{"href":"https:\/\/lonfilyarns.com\/it\/wp-json\/wp\/v2\/types\/product"}],"wp:featuredmedia":[{"embeddable":true,"href":"https:\/\/lonfilyarns.com\/it\/wp-json\/wp\/v2\/media\/21376"}],"wp:attachment":[{"href":"https:\/\/lonfilyarns.com\/it\/wp-json\/wp\/v2\/media?parent=23498"}],"wp:term":[{"taxonomy":"product_brand","embeddable":true,"href":"https:\/\/lonfilyarns.com\/it\/wp-json\/wp\/v2\/product_brand?post=23498"},{"taxonomy":"product_cat","embeddable":true,"href":"https:\/\/lonfilyarns.com\/it\/wp-json\/wp\/v2\/product_cat?post=23498"},{"taxonomy":"product_tag","embeddable":true,"href":"https:\/\/lonfilyarns.com\/it\/wp-json\/wp\/v2\/product_tag?post=23498"}],"curies":[{"name":"wp","href":"https:\/\/api.w.org\/{rel}","templated":true}]}}