{"id":23441,"date":"2025-02-17T11:30:27","date_gmt":"2025-02-17T11:30:27","guid":{"rendered":"https:\/\/lonfilyarns.com\/product\/victorius\/"},"modified":"2025-02-17T11:30:27","modified_gmt":"2025-02-17T11:30:27","slug":"victorius","status":"publish","type":"product","link":"https:\/\/lonfilyarns.com\/it\/product\/victorius\/","title":{"rendered":"Victorius"},"content":{"rendered":"<p>88% VISCOSA 12% COTONE<\/p>\n<p class=\"p1\"><em>Victorious<\/em> \u00e8 un filato di ciniglia a grande titolo con un vello lungo e regolare realizzato in 100% viscosa, che offre una sensazione lussuosa e una lucentezza elegante. La sua corposit\u00e0 e la consistenza consistente lo rendono ideale per tessuti ricchi e sofisticati. Victorious pu\u00f2 essere tinto in massa da Lonfil in qualsiasi colore, offrendo bellezza e versatilit\u00e0 per i progetti tessili di alta qualit\u00e0.  <\/p>\n","protected":false},"excerpt":{"rendered":"<p>88% VISCOSA 12% COTONE Victorious \u00e8 un filato di ciniglia a grande titolo con un&hellip;<\/p>\n","protected":false},"featured_media":21407,"template":"","meta":[],"product_brand":[],"product_cat":[462],"product_tag":[],"class_list":{"0":"post-23441","1":"product","2":"type-product","3":"status-publish","4":"has-post-thumbnail","6":"product_cat-collezione-lonfil","8":"first","9":"instock","10":"shipping-taxable","11":"purchasable","12":"product-type-simple"},"_links":{"self":[{"href":"https:\/\/lonfilyarns.com\/it\/wp-json\/wp\/v2\/product\/23441","targetHints":{"allow":["GET"]}}],"collection":[{"href":"https:\/\/lonfilyarns.com\/it\/wp-json\/wp\/v2\/product"}],"about":[{"href":"https:\/\/lonfilyarns.com\/it\/wp-json\/wp\/v2\/types\/product"}],"wp:featuredmedia":[{"embeddable":true,"href":"https:\/\/lonfilyarns.com\/it\/wp-json\/wp\/v2\/media\/21407"}],"wp:attachment":[{"href":"https:\/\/lonfilyarns.com\/it\/wp-json\/wp\/v2\/media?parent=23441"}],"wp:term":[{"taxonomy":"product_brand","embeddable":true,"href":"https:\/\/lonfilyarns.com\/it\/wp-json\/wp\/v2\/product_brand?post=23441"},{"taxonomy":"product_cat","embeddable":true,"href":"https:\/\/lonfilyarns.com\/it\/wp-json\/wp\/v2\/product_cat?post=23441"},{"taxonomy":"product_tag","embeddable":true,"href":"https:\/\/lonfilyarns.com\/it\/wp-json\/wp\/v2\/product_tag?post=23441"}],"curies":[{"name":"wp","href":"https:\/\/api.w.org\/{rel}","templated":true}]}}