{"id":23340,"date":"2025-02-17T14:31:22","date_gmt":"2025-02-17T14:31:22","guid":{"rendered":"https:\/\/lonfilyarns.com\/product\/dty\/"},"modified":"2025-07-01T07:41:18","modified_gmt":"2025-07-01T07:41:18","slug":"dty","status":"publish","type":"product","link":"https:\/\/lonfilyarns.com\/it\/product\/dty\/","title":{"rendered":"DTY"},"content":{"rendered":"<p class=\"preFade fadeIn\">100% Soluzione Riciclata PES<\/p>\n<p class=\"p1\">Questo filato testurizzato da 150\/144 denari \u00e8 tinto in massa per garantire un&#8217;eccellente solidit\u00e0 del colore (6-7, a seconda della tonalit\u00e0) e prestazioni ambientali eccezionali. Realizzato con materiali riciclati e certificato GRS, riduce in modo significativo l&#8217;uso dell&#8217;acqua, offrendo allo stesso tempo colori e texture costanti e di alta qualit\u00e0 per applicazioni tessili sostenibili. <\/p>\n<p>&nbsp;<\/p>\n","protected":false},"excerpt":{"rendered":"<p>100% Soluzione Riciclata PES Questo filato testurizzato da 150\/144 denari \u00e8 tinto in massa per&hellip;<\/p>\n","protected":false},"featured_media":22085,"template":"","meta":[],"product_brand":[],"product_cat":[564],"product_tag":[],"class_list":{"0":"post-23340","1":"product","2":"type-product","3":"status-publish","4":"has-post-thumbnail","6":"product_cat-riciclato","8":"first","9":"instock","10":"shipping-taxable","11":"purchasable","12":"product-type-variable"},"_links":{"self":[{"href":"https:\/\/lonfilyarns.com\/it\/wp-json\/wp\/v2\/product\/23340","targetHints":{"allow":["GET"]}}],"collection":[{"href":"https:\/\/lonfilyarns.com\/it\/wp-json\/wp\/v2\/product"}],"about":[{"href":"https:\/\/lonfilyarns.com\/it\/wp-json\/wp\/v2\/types\/product"}],"wp:featuredmedia":[{"embeddable":true,"href":"https:\/\/lonfilyarns.com\/it\/wp-json\/wp\/v2\/media\/22085"}],"wp:attachment":[{"href":"https:\/\/lonfilyarns.com\/it\/wp-json\/wp\/v2\/media?parent=23340"}],"wp:term":[{"taxonomy":"product_brand","embeddable":true,"href":"https:\/\/lonfilyarns.com\/it\/wp-json\/wp\/v2\/product_brand?post=23340"},{"taxonomy":"product_cat","embeddable":true,"href":"https:\/\/lonfilyarns.com\/it\/wp-json\/wp\/v2\/product_cat?post=23340"},{"taxonomy":"product_tag","embeddable":true,"href":"https:\/\/lonfilyarns.com\/it\/wp-json\/wp\/v2\/product_tag?post=23340"}],"curies":[{"name":"wp","href":"https:\/\/api.w.org\/{rel}","templated":true}]}}