{"id":23292,"date":"2025-02-04T11:46:40","date_gmt":"2025-02-04T11:46:40","guid":{"rendered":"https:\/\/lonfilyarns.com\/product\/miracle-scheda-a-colori-disponibile\/"},"modified":"2025-07-01T10:47:49","modified_gmt":"2025-07-01T10:47:49","slug":"miracle-scheda-a-colori-disponibile","status":"publish","type":"product","link":"https:\/\/lonfilyarns.com\/it\/product\/miracle-scheda-a-colori-disponibile\/","title":{"rendered":"Miracle (scheda a colori disponibile)"},"content":{"rendered":"<p>100% POLIPROPILENE PER ESTERNI<\/p>\n<p class=\"p2\"><i>Miracle<\/i> \u00e8 un filato di ciniglia per esterni realizzato in polipropilene a bassa densit\u00e0 (1 dpf) che offre una mano morbida e un sofisticato aspetto opaco. Con una struttura a pelo tondo, un&#8217;eccellente solidit\u00e0 del colore e un&#8217;elevata tenacit\u00e0, Miracle \u00e8 disponibile in 15 colori di riserva ed \u00e8 ideale per applicazioni esterne durevoli ed eleganti (disponibile anche in nm 3.0 &#8211; Lancaster). <\/p>\n","protected":false},"excerpt":{"rendered":"<p>100% POLIPROPILENE PER ESTERNI Miracle \u00e8 un filato di ciniglia per esterni realizzato in polipropilene&hellip;<\/p>\n","protected":false},"featured_media":22850,"template":"","meta":[],"product_brand":[],"product_cat":[462],"product_tag":[],"class_list":{"0":"post-23292","1":"product","2":"type-product","3":"status-publish","4":"has-post-thumbnail","6":"product_cat-collezione-lonfil","8":"first","9":"instock","10":"shipping-taxable","11":"purchasable","12":"product-type-variable"},"_links":{"self":[{"href":"https:\/\/lonfilyarns.com\/it\/wp-json\/wp\/v2\/product\/23292","targetHints":{"allow":["GET"]}}],"collection":[{"href":"https:\/\/lonfilyarns.com\/it\/wp-json\/wp\/v2\/product"}],"about":[{"href":"https:\/\/lonfilyarns.com\/it\/wp-json\/wp\/v2\/types\/product"}],"wp:featuredmedia":[{"embeddable":true,"href":"https:\/\/lonfilyarns.com\/it\/wp-json\/wp\/v2\/media\/22850"}],"wp:attachment":[{"href":"https:\/\/lonfilyarns.com\/it\/wp-json\/wp\/v2\/media?parent=23292"}],"wp:term":[{"taxonomy":"product_brand","embeddable":true,"href":"https:\/\/lonfilyarns.com\/it\/wp-json\/wp\/v2\/product_brand?post=23292"},{"taxonomy":"product_cat","embeddable":true,"href":"https:\/\/lonfilyarns.com\/it\/wp-json\/wp\/v2\/product_cat?post=23292"},{"taxonomy":"product_tag","embeddable":true,"href":"https:\/\/lonfilyarns.com\/it\/wp-json\/wp\/v2\/product_tag?post=23292"}],"curies":[{"name":"wp","href":"https:\/\/api.w.org\/{rel}","templated":true}]}}