{"id":23214,"date":"2025-02-17T13:28:51","date_gmt":"2025-02-17T13:28:51","guid":{"rendered":"https:\/\/lonfilyarns.com\/product\/folegan\/"},"modified":"2025-06-30T14:49:19","modified_gmt":"2025-06-30T14:49:19","slug":"folegan","status":"publish","type":"product","link":"https:\/\/lonfilyarns.com\/it\/product\/folegan\/","title":{"rendered":"Folegan"},"content":{"rendered":"<p>100% POLIESTERE<\/p>\n<p class=\"p1\"><em>Folegan<\/em> \u00e8 un filato di ciniglia in poliestere al 100% con un pelo pi\u00f9 lungo e pieno, che offre una maggiore morbidezza e profondit\u00e0 visiva. Costruito per garantire durata e consistenza, \u00e8 ideale per tessuti ricchi e ad alte prestazioni. Come tutti i filati Lonfil, Folegan pu\u00f2 essere tinto in massa in qualsiasi colore, garantendo flessibilit\u00e0 e qualit\u00e0 duratura.<\/p>\n","protected":false},"excerpt":{"rendered":"<p>100% POLIESTERE Folegan \u00e8 un filato di ciniglia in poliestere al 100% con un pelo&hellip;<\/p>\n","protected":false},"featured_media":21383,"template":"","meta":[],"product_brand":[],"product_cat":[462],"product_tag":[],"class_list":{"0":"post-23214","1":"product","2":"type-product","3":"status-publish","4":"has-post-thumbnail","6":"product_cat-collezione-lonfil","8":"first","9":"instock","10":"shipping-taxable","11":"purchasable","12":"product-type-simple"},"_links":{"self":[{"href":"https:\/\/lonfilyarns.com\/it\/wp-json\/wp\/v2\/product\/23214","targetHints":{"allow":["GET"]}}],"collection":[{"href":"https:\/\/lonfilyarns.com\/it\/wp-json\/wp\/v2\/product"}],"about":[{"href":"https:\/\/lonfilyarns.com\/it\/wp-json\/wp\/v2\/types\/product"}],"wp:featuredmedia":[{"embeddable":true,"href":"https:\/\/lonfilyarns.com\/it\/wp-json\/wp\/v2\/media\/21383"}],"wp:attachment":[{"href":"https:\/\/lonfilyarns.com\/it\/wp-json\/wp\/v2\/media?parent=23214"}],"wp:term":[{"taxonomy":"product_brand","embeddable":true,"href":"https:\/\/lonfilyarns.com\/it\/wp-json\/wp\/v2\/product_brand?post=23214"},{"taxonomy":"product_cat","embeddable":true,"href":"https:\/\/lonfilyarns.com\/it\/wp-json\/wp\/v2\/product_cat?post=23214"},{"taxonomy":"product_tag","embeddable":true,"href":"https:\/\/lonfilyarns.com\/it\/wp-json\/wp\/v2\/product_tag?post=23214"}],"curies":[{"name":"wp","href":"https:\/\/api.w.org\/{rel}","templated":true}]}}