{"id":23212,"date":"2025-02-04T11:44:51","date_gmt":"2025-02-04T11:44:51","guid":{"rendered":"https:\/\/lonfilyarns.com\/product\/sharif-scheda-a-colori-disponibile\/"},"modified":"2025-07-03T14:20:18","modified_gmt":"2025-07-03T14:20:18","slug":"sharif-scheda-a-colori-disponibile","status":"publish","type":"product","link":"https:\/\/lonfilyarns.com\/it\/product\/sharif-scheda-a-colori-disponibile\/","title":{"rendered":"Sharif (scheda a colori disponibile)"},"content":{"rendered":"<p>NM 1,5 &#8211; 65% LANA 22% POLIESTERE 9% NYLON 4% ALTRE FIBRE<\/p>\n<p>NM 2,5 &#8211; 61% LANA 26% POLIESTERE 9% NYLON 4% ALTRE FIBRE<\/p>\n<p class=\"p1\"><em>Sharif<\/em> \u00e8 un filato di ciniglia circolare disponibile in Nm 2,5 e 1,5, realizzato con lana riciclata proveniente da abiti post-consumo. Offre una sensazione morbida e accogliente con il carattere autentico delle fibre naturali riciclate. Sostenibile e tattile, Sharif \u00e8 ideale per progetti consapevoli che apprezzano sia il comfort che la responsabilit\u00e0 ambientale. Pu\u00f2 essere tinto in massa da Lonfil in qualsiasi colore.   <\/p>\n","protected":false},"excerpt":{"rendered":"<p>NM 1,5 &#8211; 65% LANA 22% POLIESTERE 9% NYLON 4% ALTRE FIBRE NM 2,5 &#8211;&hellip;<\/p>\n","protected":false},"featured_media":22802,"template":"","meta":[],"product_brand":[],"product_cat":[462],"product_tag":[],"class_list":{"0":"post-23212","1":"product","2":"type-product","3":"status-publish","4":"has-post-thumbnail","6":"product_cat-collezione-lonfil","8":"first","9":"instock","10":"shipping-taxable","11":"purchasable","12":"product-type-variable"},"_links":{"self":[{"href":"https:\/\/lonfilyarns.com\/it\/wp-json\/wp\/v2\/product\/23212","targetHints":{"allow":["GET"]}}],"collection":[{"href":"https:\/\/lonfilyarns.com\/it\/wp-json\/wp\/v2\/product"}],"about":[{"href":"https:\/\/lonfilyarns.com\/it\/wp-json\/wp\/v2\/types\/product"}],"wp:featuredmedia":[{"embeddable":true,"href":"https:\/\/lonfilyarns.com\/it\/wp-json\/wp\/v2\/media\/22802"}],"wp:attachment":[{"href":"https:\/\/lonfilyarns.com\/it\/wp-json\/wp\/v2\/media?parent=23212"}],"wp:term":[{"taxonomy":"product_brand","embeddable":true,"href":"https:\/\/lonfilyarns.com\/it\/wp-json\/wp\/v2\/product_brand?post=23212"},{"taxonomy":"product_cat","embeddable":true,"href":"https:\/\/lonfilyarns.com\/it\/wp-json\/wp\/v2\/product_cat?post=23212"},{"taxonomy":"product_tag","embeddable":true,"href":"https:\/\/lonfilyarns.com\/it\/wp-json\/wp\/v2\/product_tag?post=23212"}],"curies":[{"name":"wp","href":"https:\/\/api.w.org\/{rel}","templated":true}]}}