{"id":23211,"date":"2025-02-17T11:23:03","date_gmt":"2025-02-17T11:23:03","guid":{"rendered":"https:\/\/lonfilyarns.com\/product\/florida\/"},"modified":"2025-06-30T14:49:18","modified_gmt":"2025-06-30T14:49:18","slug":"florida","status":"publish","type":"product","link":"https:\/\/lonfilyarns.com\/it\/product\/florida\/","title":{"rendered":"Florida"},"content":{"rendered":"<p>100% POLIESTERE<\/p>\n<p class=\"p1\"><em>Florida<\/em> \u00e8 un filato di ciniglia in poliestere a titolo standard che combina morbidezza, resistenza e una consistenza equilibrata. Versatile e facile da lavorare, \u00e8 ideale per un&#8217;ampia gamma di applicazioni, dagli imbottiti ai tessuti decorativi. Il Florida pu\u00f2 essere tinto in massa da Lonfil in qualsiasi colore, offrendo prestazioni affidabili e flessibilit\u00e0 nel design.  <\/p>\n","protected":false},"excerpt":{"rendered":"<p>100% POLIESTERE Florida \u00e8 un filato di ciniglia in poliestere a titolo standard che combina&hellip;<\/p>\n","protected":false},"featured_media":21382,"template":"","meta":[],"product_brand":[],"product_cat":[462],"product_tag":[],"class_list":{"0":"post-23211","1":"product","2":"type-product","3":"status-publish","4":"has-post-thumbnail","6":"product_cat-collezione-lonfil","8":"first","9":"instock","10":"shipping-taxable","11":"purchasable","12":"product-type-simple"},"_links":{"self":[{"href":"https:\/\/lonfilyarns.com\/it\/wp-json\/wp\/v2\/product\/23211","targetHints":{"allow":["GET"]}}],"collection":[{"href":"https:\/\/lonfilyarns.com\/it\/wp-json\/wp\/v2\/product"}],"about":[{"href":"https:\/\/lonfilyarns.com\/it\/wp-json\/wp\/v2\/types\/product"}],"wp:featuredmedia":[{"embeddable":true,"href":"https:\/\/lonfilyarns.com\/it\/wp-json\/wp\/v2\/media\/21382"}],"wp:attachment":[{"href":"https:\/\/lonfilyarns.com\/it\/wp-json\/wp\/v2\/media?parent=23211"}],"wp:term":[{"taxonomy":"product_brand","embeddable":true,"href":"https:\/\/lonfilyarns.com\/it\/wp-json\/wp\/v2\/product_brand?post=23211"},{"taxonomy":"product_cat","embeddable":true,"href":"https:\/\/lonfilyarns.com\/it\/wp-json\/wp\/v2\/product_cat?post=23211"},{"taxonomy":"product_tag","embeddable":true,"href":"https:\/\/lonfilyarns.com\/it\/wp-json\/wp\/v2\/product_tag?post=23211"}],"curies":[{"name":"wp","href":"https:\/\/api.w.org\/{rel}","templated":true}]}}