{"id":23158,"date":"2025-02-17T11:37:18","date_gmt":"2025-02-17T11:37:18","guid":{"rendered":"https:\/\/lonfilyarns.com\/product\/floribelle\/"},"modified":"2025-07-01T10:28:56","modified_gmt":"2025-07-01T10:28:56","slug":"floribelle","status":"publish","type":"product","link":"https:\/\/lonfilyarns.com\/it\/product\/floribelle\/","title":{"rendered":"Floribelle"},"content":{"rendered":"<p>100% POLIESTERE TREVIRA CS<\/p>\n<p class=\"p1\"><em>Floribelle<\/em> \u00e8 un filato chenille Trevira CS a titolo pi\u00f9 grosso, che unisce prestazioni ignifughe di altissimo livello a un\u2019estetica opaca, morbida e sofisticata. Il titolo leggermente maggiore conferisce maggiore corposit\u00e0 e una texture pi\u00f9 ricca, rendendolo ideale per tessuti contract e per l\u2019hotellerie di alta gamma. Lonfil pu\u00f2 tingere Floribelle in rocca in qualsiasi tonalit\u00e0 personalizzata, offrendo totale libert\u00e0 creativa senza compromessi su sicurezza e qualit\u00e0.  <\/p>\n","protected":false},"excerpt":{"rendered":"<p>100% POLIESTERE TREVIRA CS Floribelle \u00e8 un filato chenille Trevira CS a titolo pi\u00f9 grosso,&hellip;<\/p>\n","protected":false},"featured_media":21381,"template":"","meta":[],"product_brand":[],"product_cat":[462],"product_tag":[],"class_list":{"0":"post-23158","1":"product","2":"type-product","3":"status-publish","4":"has-post-thumbnail","6":"product_cat-collezione-lonfil","8":"first","9":"instock","10":"shipping-taxable","11":"purchasable","12":"product-type-simple"},"_links":{"self":[{"href":"https:\/\/lonfilyarns.com\/it\/wp-json\/wp\/v2\/product\/23158","targetHints":{"allow":["GET"]}}],"collection":[{"href":"https:\/\/lonfilyarns.com\/it\/wp-json\/wp\/v2\/product"}],"about":[{"href":"https:\/\/lonfilyarns.com\/it\/wp-json\/wp\/v2\/types\/product"}],"wp:featuredmedia":[{"embeddable":true,"href":"https:\/\/lonfilyarns.com\/it\/wp-json\/wp\/v2\/media\/21381"}],"wp:attachment":[{"href":"https:\/\/lonfilyarns.com\/it\/wp-json\/wp\/v2\/media?parent=23158"}],"wp:term":[{"taxonomy":"product_brand","embeddable":true,"href":"https:\/\/lonfilyarns.com\/it\/wp-json\/wp\/v2\/product_brand?post=23158"},{"taxonomy":"product_cat","embeddable":true,"href":"https:\/\/lonfilyarns.com\/it\/wp-json\/wp\/v2\/product_cat?post=23158"},{"taxonomy":"product_tag","embeddable":true,"href":"https:\/\/lonfilyarns.com\/it\/wp-json\/wp\/v2\/product_tag?post=23158"}],"curies":[{"name":"wp","href":"https:\/\/api.w.org\/{rel}","templated":true}]}}