{"id":23157,"date":"2025-02-17T11:36:48","date_gmt":"2025-02-17T11:36:48","guid":{"rendered":"https:\/\/lonfilyarns.com\/product\/sveva\/"},"modified":"2025-07-01T07:40:52","modified_gmt":"2025-07-01T07:40:52","slug":"sveva","status":"publish","type":"product","link":"https:\/\/lonfilyarns.com\/it\/product\/sveva\/","title":{"rendered":"Sveva"},"content":{"rendered":"<p>100% POLIESTERE TREVIRA CS<\/p>\n<p class=\"p2\"><em>Sveva<\/em> \u00e8 un filato di ciniglia Trevira CS a pelo lungo e a grande titolo che combina prestazioni ignifughe superiori con una consistenza opulenta e soffice. L&#8217;altezza e la pesantezza del suo vello prolungato conferiscono una corposit\u00e0 e una ricchezza tattile impressionanti, perfette per tappezzerie d&#8217;effetto e interni di alto livello. Lonfil pu\u00f2 confezionare Sveva in qualsiasi tonalit\u00e0 personalizzata, garantendo sicurezza, lusso e completa libert\u00e0 di design.  <\/p>\n","protected":false},"excerpt":{"rendered":"<p>100% POLIESTERE TREVIRA CS Sveva \u00e8 un filato di ciniglia Trevira CS a pelo lungo&hellip;<\/p>\n","protected":false},"featured_media":21404,"template":"","meta":[],"product_brand":[],"product_cat":[462],"product_tag":[],"class_list":{"0":"post-23157","1":"product","2":"type-product","3":"status-publish","4":"has-post-thumbnail","6":"product_cat-collezione-lonfil","8":"first","9":"instock","10":"shipping-taxable","11":"purchasable","12":"product-type-simple"},"_links":{"self":[{"href":"https:\/\/lonfilyarns.com\/it\/wp-json\/wp\/v2\/product\/23157","targetHints":{"allow":["GET"]}}],"collection":[{"href":"https:\/\/lonfilyarns.com\/it\/wp-json\/wp\/v2\/product"}],"about":[{"href":"https:\/\/lonfilyarns.com\/it\/wp-json\/wp\/v2\/types\/product"}],"wp:featuredmedia":[{"embeddable":true,"href":"https:\/\/lonfilyarns.com\/it\/wp-json\/wp\/v2\/media\/21404"}],"wp:attachment":[{"href":"https:\/\/lonfilyarns.com\/it\/wp-json\/wp\/v2\/media?parent=23157"}],"wp:term":[{"taxonomy":"product_brand","embeddable":true,"href":"https:\/\/lonfilyarns.com\/it\/wp-json\/wp\/v2\/product_brand?post=23157"},{"taxonomy":"product_cat","embeddable":true,"href":"https:\/\/lonfilyarns.com\/it\/wp-json\/wp\/v2\/product_cat?post=23157"},{"taxonomy":"product_tag","embeddable":true,"href":"https:\/\/lonfilyarns.com\/it\/wp-json\/wp\/v2\/product_tag?post=23157"}],"curies":[{"name":"wp","href":"https:\/\/api.w.org\/{rel}","templated":true}]}}