{"id":23119,"date":"2025-02-17T11:33:02","date_gmt":"2025-02-17T11:33:02","guid":{"rendered":"https:\/\/lonfilyarns.com\/product\/furlana\/"},"modified":"2025-07-01T07:41:05","modified_gmt":"2025-07-01T07:41:05","slug":"furlana","status":"publish","type":"product","link":"https:\/\/lonfilyarns.com\/it\/product\/furlana\/","title":{"rendered":"Furlana"},"content":{"rendered":"<p>80% LANA 20% NYLON<\/p>\n<p class=\"p1\"><em>Furlana<\/em> \u00e8 un filato di ciniglia di prima qualit\u00e0 realizzato in misto lana\/nylon, con il 100% di lana nel vello per una mano naturalmente morbida e calda. Combinando la bellezza della lana con una maggiore resistenza e stabilit\u00e0, Furlana \u00e8 ideale per applicazioni eleganti e accoglienti. Pu\u00f2 essere tinto a pacchetto da Lonfil in qualsiasi colore per soddisfare le tue esigenze creative.  <\/p>\n","protected":false},"excerpt":{"rendered":"<p>80% LANA 20% NYLON Furlana \u00e8 un filato di ciniglia di prima qualit\u00e0 realizzato in&hellip;<\/p>\n","protected":false},"featured_media":21385,"template":"","meta":[],"product_brand":[],"product_cat":[462],"product_tag":[],"class_list":{"0":"post-23119","1":"product","2":"type-product","3":"status-publish","4":"has-post-thumbnail","6":"product_cat-collezione-lonfil","8":"first","9":"instock","10":"shipping-taxable","11":"purchasable","12":"product-type-simple"},"_links":{"self":[{"href":"https:\/\/lonfilyarns.com\/it\/wp-json\/wp\/v2\/product\/23119","targetHints":{"allow":["GET"]}}],"collection":[{"href":"https:\/\/lonfilyarns.com\/it\/wp-json\/wp\/v2\/product"}],"about":[{"href":"https:\/\/lonfilyarns.com\/it\/wp-json\/wp\/v2\/types\/product"}],"wp:featuredmedia":[{"embeddable":true,"href":"https:\/\/lonfilyarns.com\/it\/wp-json\/wp\/v2\/media\/21385"}],"wp:attachment":[{"href":"https:\/\/lonfilyarns.com\/it\/wp-json\/wp\/v2\/media?parent=23119"}],"wp:term":[{"taxonomy":"product_brand","embeddable":true,"href":"https:\/\/lonfilyarns.com\/it\/wp-json\/wp\/v2\/product_brand?post=23119"},{"taxonomy":"product_cat","embeddable":true,"href":"https:\/\/lonfilyarns.com\/it\/wp-json\/wp\/v2\/product_cat?post=23119"},{"taxonomy":"product_tag","embeddable":true,"href":"https:\/\/lonfilyarns.com\/it\/wp-json\/wp\/v2\/product_tag?post=23119"}],"curies":[{"name":"wp","href":"https:\/\/api.w.org\/{rel}","templated":true}]}}