{"id":23187,"date":"2025-02-03T16:22:56","date_gmt":"2025-02-03T16:22:56","guid":{"rendered":"https:\/\/lonfilyarns.com\/prodotti\/"},"modified":"2025-07-09T18:41:20","modified_gmt":"2025-07-09T18:41:20","slug":"prodotti","status":"publish","type":"page","link":"https:\/\/lonfilyarns.com\/it\/prodotti\/","title":{"rendered":"Prodotti"},"content":{"rendered":"\t\t<div data-elementor-type=\"wp-page\" data-elementor-id=\"23187\" class=\"elementor elementor-23187 elementor-20872\" data-elementor-post-type=\"page\">\n\t\t\t\t\t\t<section class=\"elementor-section elementor-top-section elementor-element elementor-element-4e0e6d0 elementor-section-stretched elementor-section-boxed elementor-section-height-default elementor-section-height-default sc_fly_static\" data-id=\"4e0e6d0\" data-element_type=\"section\" data-settings=\"{&quot;stretch_section&quot;:&quot;section-stretched&quot;}\">\n\t\t\t\t\t\t<div class=\"elementor-container elementor-column-gap-extended\">\n\t\t\t\t\t<div class=\"elementor-column elementor-col-100 elementor-top-column elementor-element elementor-element-9b9fe0d sc_content_align_inherit sc_layouts_column_icons_position_left sc_fly_static\" data-id=\"9b9fe0d\" data-element_type=\"column\">\n\t\t\t<div class=\"elementor-widget-wrap elementor-element-populated\">\n\t\t\t\t\t\t<section class=\"elementor-section elementor-inner-section elementor-element elementor-element-d987af0 elementor-section-content-middle elementor-section-boxed elementor-section-height-default elementor-section-height-default sc_fly_static\" data-id=\"d987af0\" data-element_type=\"section\">\n\t\t\t\t\t\t<div class=\"elementor-container elementor-column-gap-no\">\n\t\t\t\t\t<div class=\"elementor-column elementor-col-50 elementor-inner-column elementor-element elementor-element-4ba596a sc_content_align_inherit sc_layouts_column_icons_position_left sc_fly_static\" data-id=\"4ba596a\" data-element_type=\"column\">\n\t\t\t<div class=\"elementor-widget-wrap elementor-element-populated\">\n\t\t\t\t\t\t<div class=\"elementor-element elementor-element-65447de sc_fly_static elementor-widget elementor-widget-trx_sc_title\" data-id=\"65447de\" data-element_type=\"widget\" data-widget_type=\"trx_sc_title.default\">\n\t\t\t\t<div class=\"elementor-widget-container\">\n\t\t\t\t\t<div\t\tclass=\"sc_title sc_title_default\" ><h1 class=\"sc_item_title sc_title_title sc_item_title_style_default sc_item_title_tag\"\n\t\t\t><span class=\"sc_item_title_text\">Applicazioni versatili del filato per ogni settore<\/span><\/h1><\/div>\t\t\t\t<\/div>\n\t\t\t\t<\/div>\n\t\t\t\t\t<\/div>\n\t\t<\/div>\n\t\t\t\t<div class=\"elementor-column elementor-col-50 elementor-inner-column elementor-element elementor-element-9cb6a56 sc_content_align_inherit sc_layouts_column_icons_position_left sc_fly_static\" data-id=\"9cb6a56\" data-element_type=\"column\">\n\t\t\t<div class=\"elementor-widget-wrap elementor-element-populated\">\n\t\t\t\t\t\t<div class=\"elementor-element elementor-element-84748a3 sc_fly_static elementor-widget elementor-widget-text-editor\" data-id=\"84748a3\" data-element_type=\"widget\" data-widget_type=\"text-editor.default\">\n\t\t\t\t<div class=\"elementor-widget-container\">\n\t\t\t\t\t\t\t\t\t<p>I <strong>filati sostenibili<\/strong> e di alta qualit\u00e0 di Lonfil sono progettati per soddisfare le esigenze di diversi settori, dalla moda al tessile per la casa, dall&#8217;automotive alle applicazioni tecniche. Con un&#8217;attenzione particolare all&#8217;innovazione e all&#8217;adattabilit\u00e0, i nostri filati garantiscono prestazioni superiori, durata e fascino estetico in ogni settore.<\/p>\t\t\t\t\t\t\t\t<\/div>\n\t\t\t\t<\/div>\n\t\t\t\t\t<\/div>\n\t\t<\/div>\n\t\t\t\t\t<\/div>\n\t\t<\/section>\n\t\t\t\t\t<\/div>\n\t\t<\/div>\n\t\t\t\t\t<\/div>\n\t\t<\/section>\n\t\t<div class=\"e-con-gap-no elementor-element elementor-element-f94acbb e-con-full e-flex sc_layouts_column_icons_position_left e-con e-parent\" data-id=\"f94acbb\" data-element_type=\"container\" data-settings=\"{&quot;background_background&quot;:&quot;classic&quot;}\">\n\t\t<div class=\"e-con-gap-no elementor-element elementor-element-7543961 e-flex e-con-boxed sc_layouts_column_icons_position_left e-con e-child\" data-id=\"7543961\" data-element_type=\"container\">\n\t\t\t\t\t<div class=\"e-con-inner\">\n\t\t<div class=\"elementor-element elementor-element-a9a7386 e-con-full e-flex sc_layouts_column_icons_position_left e-con e-child\" data-id=\"a9a7386\" data-element_type=\"container\">\n\t\t\t\t<div class=\"elementor-element elementor-element-78284c5 elementor-widget__width-auto no-title sc_fly_static elementor-widget elementor-widget-image\" data-id=\"78284c5\" data-element_type=\"widget\" data-widget_type=\"image.default\">\n\t\t\t\t<div class=\"elementor-widget-container\">\n\t\t\t\t\t\t\t\t\t\t\t\t<figure class=\"wp-caption\">\n\t\t\t\t\t\t\t\t\t\t<img fetchpriority=\"high\" decoding=\"async\" width=\"750\" height=\"711\" src=\"https:\/\/lonfilyarns.com\/wp-content\/uploads\/2025\/02\/chenille-yarns.png\" class=\"attachment-large size-large wp-image-22775\" alt=\"lonfil - sustainable yarns\" srcset=\"https:\/\/lonfilyarns.com\/wp-content\/uploads\/2025\/02\/chenille-yarns.png 750w, https:\/\/lonfilyarns.com\/wp-content\/uploads\/2025\/02\/chenille-yarns-600x569.png 600w, https:\/\/lonfilyarns.com\/wp-content\/uploads\/2025\/02\/chenille-yarns-300x284.png 300w, https:\/\/lonfilyarns.com\/wp-content\/uploads\/2025\/02\/chenille-yarns-370x351.png 370w, https:\/\/lonfilyarns.com\/wp-content\/uploads\/2025\/02\/chenille-yarns-410x389.png 410w\" sizes=\"(max-width: 750px) 100vw, 750px\" title=\"\">\t\t\t\t\t\t\t\t\t\t\t<figcaption class=\"widget-image-caption wp-caption-text\"><\/figcaption>\n\t\t\t\t\t\t\t\t\t\t<\/figure>\n\t\t\t\t\t\t\t\t\t<\/div>\n\t\t\t\t<\/div>\n\t\t\t\t<\/div>\n\t\t<div class=\"elementor-element elementor-element-512e110 e-con-full e-flex sc_layouts_column_icons_position_left e-con e-child\" data-id=\"512e110\" data-element_type=\"container\">\n\t\t\t\t<div class=\"elementor-element elementor-element-360b603 sc_fly_static elementor-widget elementor-widget-trx_sc_title\" data-id=\"360b603\" data-element_type=\"widget\" data-widget_type=\"trx_sc_title.default\">\n\t\t\t\t<div class=\"elementor-widget-container\">\n\t\t\t\t\t<div\t\tclass=\"sc_title sc_title_default\" ><span class=\"sc_item_subtitle sc_title_subtitle sc_item_subtitle_above sc_item_title_style_default\">Filati di ciniglia<\/span><h2 class=\"sc_item_title sc_title_title sc_item_title_style_default sc_item_title_tag\"\n\t\t\t><span class=\"sc_item_title_text\">Filati sostenibili: eleganti ciniglie per tessuti moderni<\/span><\/h2><\/div>\t\t\t\t<\/div>\n\t\t\t\t<\/div>\n\t\t\t\t<div class=\"elementor-element elementor-element-0e1c278 sc_fly_static elementor-widget elementor-widget-text-editor\" data-id=\"0e1c278\" data-element_type=\"widget\" data-widget_type=\"text-editor.default\">\n\t\t\t\t<div class=\"elementor-widget-container\">\n\t\t\t\t\t\t\t\t\t<p>Le nostre <a href=\"https:\/\/lonfilyarns.com\/it\/chenille\/\">ciniglie<\/a> supportano i produttori di tessuti nella creazione di tessuti di alta qualit\u00e0 con una forte attenzione alla sostenibilit\u00e0 e all&#8217;innovazione. Che si tratti di maglieria, tessuti per la casa o moda di lusso, la nostra gamma comprende opzioni ecologiche come il poliestere riciclato, il Tencel e il cotone biologico, oltre alle tradizionali fibre naturali e sintetiche.<\/p>\t\t\t\t\t\t\t\t<\/div>\n\t\t\t\t<\/div>\n\t\t\t\t<div class=\"elementor-element elementor-element-87ea85e sc_fly_static elementor-widget elementor-widget-trx_sc_button\" data-id=\"87ea85e\" data-element_type=\"widget\" data-widget_type=\"trx_sc_button.default\">\n\t\t\t\t<div class=\"elementor-widget-container\">\n\t\t\t\t\t<div\tclass=\"sc_item_button sc_button_wrap\" ><a href=\"https:\/\/lonfilyarns.com\/it\/chenille\/\" class=\"sc_button sc_button_default sc_button_size_normal sc_button_icon_left\" ><span class=\"sc_button_text\"><span class=\"sc_button_title\">Vedi tutti i prodotti<\/span><\/span><\/a><\/div>\t\t\t\t<\/div>\n\t\t\t\t<\/div>\n\t\t\t\t<\/div>\n\t\t\t\t\t<\/div>\n\t\t\t\t<\/div>\n\t\t\t\t<\/div>\n\t\t<div class=\"e-con-gap-no elementor-element elementor-element-fb579e6 e-con-full light-section e-flex sc_layouts_column_icons_position_left e-con e-parent\" data-id=\"fb579e6\" data-element_type=\"container\" data-settings=\"{&quot;background_background&quot;:&quot;classic&quot;}\">\n\t\t<div class=\"e-con-gap-no elementor-element elementor-element-847c14f e-flex e-con-boxed sc_layouts_column_icons_position_left e-con e-child\" data-id=\"847c14f\" data-element_type=\"container\">\n\t\t\t\t\t<div class=\"e-con-inner\">\n\t\t<div class=\"elementor-element elementor-element-72917c1 e-con-full e-flex sc_layouts_column_icons_position_left e-con e-child\" data-id=\"72917c1\" data-element_type=\"container\">\n\t\t\t\t<div class=\"elementor-element elementor-element-12b129c elementor-widget__width-auto no-title sc_fly_static elementor-widget elementor-widget-image\" data-id=\"12b129c\" data-element_type=\"widget\" data-widget_type=\"image.default\">\n\t\t\t\t<div class=\"elementor-widget-container\">\n\t\t\t\t\t\t\t\t\t\t\t\t<figure class=\"wp-caption\">\n\t\t\t\t\t\t\t\t\t\t<img decoding=\"async\" width=\"750\" height=\"688\" src=\"https:\/\/lonfilyarns.com\/wp-content\/uploads\/2025\/02\/recycled-yarns.jpg\" class=\"attachment-large size-large wp-image-22776\" alt=\"Recycled yarns\" srcset=\"https:\/\/lonfilyarns.com\/wp-content\/uploads\/2025\/02\/recycled-yarns.jpg 750w, https:\/\/lonfilyarns.com\/wp-content\/uploads\/2025\/02\/recycled-yarns-600x550.jpg 600w, https:\/\/lonfilyarns.com\/wp-content\/uploads\/2025\/02\/recycled-yarns-300x275.jpg 300w, https:\/\/lonfilyarns.com\/wp-content\/uploads\/2025\/02\/recycled-yarns-370x339.jpg 370w, https:\/\/lonfilyarns.com\/wp-content\/uploads\/2025\/02\/recycled-yarns-410x376.jpg 410w\" sizes=\"(max-width: 750px) 100vw, 750px\" title=\"\">\t\t\t\t\t\t\t\t\t\t\t<figcaption class=\"widget-image-caption wp-caption-text\"><\/figcaption>\n\t\t\t\t\t\t\t\t\t\t<\/figure>\n\t\t\t\t\t\t\t\t\t<\/div>\n\t\t\t\t<\/div>\n\t\t\t\t<\/div>\n\t\t<div class=\"elementor-element elementor-element-4d25425 e-con-full e-flex sc_layouts_column_icons_position_left e-con e-child\" data-id=\"4d25425\" data-element_type=\"container\">\n\t\t\t\t<div class=\"elementor-element elementor-element-c8dba32 sc_fly_static elementor-widget elementor-widget-trx_sc_title\" data-id=\"c8dba32\" data-element_type=\"widget\" data-widget_type=\"trx_sc_title.default\">\n\t\t\t\t<div class=\"elementor-widget-container\">\n\t\t\t\t\t<div\t\tclass=\"sc_title sc_title_default\" ><span class=\"sc_item_subtitle sc_title_subtitle sc_item_subtitle_above sc_item_title_style_default\">Filati riciclati (sostenibili)<\/span><h3 class=\"sc_item_title sc_title_title sc_item_title_style_default sc_item_title_tag\"\n\t\t\t><span class=\"sc_item_title_text\">Soluzioni orientate alle prestazioni per applicazioni avanzate<\/span><\/h3><\/div>\t\t\t\t<\/div>\n\t\t\t\t<\/div>\n\t\t\t\t<div class=\"elementor-element elementor-element-95740ae sc_fly_static elementor-widget elementor-widget-text-editor\" data-id=\"95740ae\" data-element_type=\"widget\" data-widget_type=\"text-editor.default\">\n\t\t\t\t<div class=\"elementor-widget-container\">\n\t\t\t\t\t\t\t\t\t<p>Per le industrie che richiedono materiali ad alte prestazioni, Lonfil sviluppa filati tecnici con propriet\u00e0 specifiche. Le nostre soluzioni innovative soddisfano gli ambienti pi\u00f9 esigenti, mantenendo al contempo gli standard di sostenibilit\u00e0.<\/p>\t\t\t\t\t\t\t\t<\/div>\n\t\t\t\t<\/div>\n\t\t\t\t<div class=\"elementor-element elementor-element-7fe96b7 sc_fly_static elementor-widget elementor-widget-trx_sc_button\" data-id=\"7fe96b7\" data-element_type=\"widget\" data-widget_type=\"trx_sc_button.default\">\n\t\t\t\t<div class=\"elementor-widget-container\">\n\t\t\t\t\t<div\tclass=\"sc_item_button sc_button_wrap\" ><a href=\"https:\/\/lonfilyarns.com\/it\/recycled\/\" class=\"sc_button sc_button_default sc_button_size_normal sc_button_icon_left\" ><span class=\"sc_button_text\"><span class=\"sc_button_title\">Vedi tutti i prodotti<\/span><\/span><\/a><\/div>\t\t\t\t<\/div>\n\t\t\t\t<\/div>\n\t\t\t\t<\/div>\n\t\t\t\t\t<\/div>\n\t\t\t\t<\/div>\n\t\t\t\t<\/div>\n\t\t<div class=\"e-con-gap-no elementor-element elementor-element-8df9484 e-con-full e-flex sc_layouts_column_icons_position_left e-con e-parent\" data-id=\"8df9484\" data-element_type=\"container\" data-settings=\"{&quot;background_background&quot;:&quot;classic&quot;}\">\n\t\t<div class=\"e-con-gap-no elementor-element elementor-element-a67dd87 e-flex e-con-boxed sc_layouts_column_icons_position_left e-con e-child\" data-id=\"a67dd87\" data-element_type=\"container\">\n\t\t\t\t\t<div class=\"e-con-inner\">\n\t\t<div class=\"elementor-element elementor-element-a654ed1 e-con-full e-flex sc_layouts_column_icons_position_left e-con e-child\" data-id=\"a654ed1\" data-element_type=\"container\">\n\t\t\t\t<div class=\"elementor-element elementor-element-954ce12 elementor-widget__width-auto no-title sc_fly_static elementor-widget elementor-widget-image\" data-id=\"954ce12\" data-element_type=\"widget\" data-widget_type=\"image.default\">\n\t\t\t\t<div class=\"elementor-widget-container\">\n\t\t\t\t\t\t\t\t\t\t\t\t<figure class=\"wp-caption\">\n\t\t\t\t\t\t\t\t\t\t<img decoding=\"async\" width=\"1024\" height=\"1024\" src=\"https:\/\/lonfilyarns.com\/wp-content\/uploads\/2025\/07\/Fancy-Yarns-Collection-1024x1024.jpg\" class=\"attachment-large size-large wp-image-23623\" alt=\"\" srcset=\"https:\/\/lonfilyarns.com\/wp-content\/uploads\/2025\/07\/Fancy-Yarns-Collection-1024x1024.jpg 1024w, https:\/\/lonfilyarns.com\/wp-content\/uploads\/2025\/07\/Fancy-Yarns-Collection-300x300.jpg 300w, https:\/\/lonfilyarns.com\/wp-content\/uploads\/2025\/07\/Fancy-Yarns-Collection-150x150.jpg 150w, https:\/\/lonfilyarns.com\/wp-content\/uploads\/2025\/07\/Fancy-Yarns-Collection-768x768.jpg 768w, https:\/\/lonfilyarns.com\/wp-content\/uploads\/2025\/07\/Fancy-Yarns-Collection-370x370.jpg 370w, https:\/\/lonfilyarns.com\/wp-content\/uploads\/2025\/07\/Fancy-Yarns-Collection-120x120.jpg 120w, https:\/\/lonfilyarns.com\/wp-content\/uploads\/2025\/07\/Fancy-Yarns-Collection-840x840.jpg 840w, https:\/\/lonfilyarns.com\/wp-content\/uploads\/2025\/07\/Fancy-Yarns-Collection-410x410.jpg 410w, https:\/\/lonfilyarns.com\/wp-content\/uploads\/2025\/07\/Fancy-Yarns-Collection-600x600.jpg 600w, https:\/\/lonfilyarns.com\/wp-content\/uploads\/2025\/07\/Fancy-Yarns-Collection.jpg 1200w\" sizes=\"(max-width: 1024px) 100vw, 1024px\" title=\"\">\t\t\t\t\t\t\t\t\t\t\t<figcaption class=\"widget-image-caption wp-caption-text\"><\/figcaption>\n\t\t\t\t\t\t\t\t\t\t<\/figure>\n\t\t\t\t\t\t\t\t\t<\/div>\n\t\t\t\t<\/div>\n\t\t\t\t<\/div>\n\t\t<div class=\"elementor-element elementor-element-b075130 e-con-full e-flex sc_layouts_column_icons_position_left e-con e-child\" data-id=\"b075130\" data-element_type=\"container\">\n\t\t\t\t<div class=\"elementor-element elementor-element-b422b72 sc_fly_static elementor-widget elementor-widget-trx_sc_title\" data-id=\"b422b72\" data-element_type=\"widget\" data-widget_type=\"trx_sc_title.default\">\n\t\t\t\t<div class=\"elementor-widget-container\">\n\t\t\t\t\t<div\t\tclass=\"sc_title sc_title_default\" ><span class=\"sc_item_subtitle sc_title_subtitle sc_item_subtitle_above sc_item_title_style_default\">Fancy Yarns Collection<\/span><h2 class=\"sc_item_title sc_title_title sc_item_title_style_default sc_item_title_tag\"\n\t\t\t><span class=\"sc_item_title_text\">Creati per le Prestazioni, Pensati per il Lusso<\/span><\/h2><\/div>\t\t\t\t<\/div>\n\t\t\t\t<\/div>\n\t\t\t\t<div class=\"elementor-element elementor-element-9f3c7b7 sc_fly_static elementor-widget elementor-widget-text-editor\" data-id=\"9f3c7b7\" data-element_type=\"widget\" data-widget_type=\"text-editor.default\">\n\t\t\t\t<div class=\"elementor-widget-container\">\n\t\t\t\t\t\t\t\t\t<p data-start=\"281\" data-end=\"735\">Texture audaci, performance e nobili mischie di fibre si uniscono nella nuova Fancy Yarn Collection di Lonfil. Una selezione di filati che assicura la creazione di tessuti accattivanti per diversi settori. Dal poliestere alla lana, dai boucl\u00e9 voluminosi ai filati per ordito \u2013 questa collezione \u00e8 realizzata pensando ai tessuti.<br data-start=\"617\" data-end=\"620\" \/>Ogni filato \u00e8 creato con un\u2019attenzione particolare alla performance, al lusso, alla versatilit\u00e0 e alla convenienza.<\/p>\t\t\t\t\t\t\t\t<\/div>\n\t\t\t\t<\/div>\n\t\t\t\t<div class=\"elementor-element elementor-element-9f4058a sc_fly_static elementor-widget elementor-widget-trx_sc_button\" data-id=\"9f4058a\" data-element_type=\"widget\" data-widget_type=\"trx_sc_button.default\">\n\t\t\t\t<div class=\"elementor-widget-container\">\n\t\t\t\t\t<div\tclass=\"sc_item_button sc_button_wrap\" ><a href=\"https:\/\/lonfilyarns.com\/it\/fancy-yarns-collection\/\" class=\"sc_button sc_button_default sc_button_size_normal sc_button_icon_left\" ><span class=\"sc_button_text\"><span class=\"sc_button_title\">Vedi tutti i prodotti<\/span><\/span><\/a><\/div>\t\t\t\t<\/div>\n\t\t\t\t<\/div>\n\t\t\t\t<\/div>\n\t\t\t\t\t<\/div>\n\t\t\t\t<\/div>\n\t\t\t\t<\/div>\n\t\t\t\t<section class=\"elementor-section elementor-top-section elementor-element elementor-element-9aa2b50 elementor-section-stretched scheme_default light-section elementor-section-boxed elementor-section-height-default elementor-section-height-default sc_fly_static\" data-id=\"9aa2b50\" data-element_type=\"section\" data-settings=\"{&quot;stretch_section&quot;:&quot;section-stretched&quot;,&quot;background_background&quot;:&quot;classic&quot;}\">\n\t\t\t\t\t\t<div class=\"elementor-container elementor-column-gap-extended\">\n\t\t\t\t\t<div class=\"elementor-column elementor-col-100 elementor-top-column elementor-element elementor-element-b4130bc sc_content_align_inherit sc_layouts_column_icons_position_left sc_fly_static\" data-id=\"b4130bc\" data-element_type=\"column\">\n\t\t\t<div class=\"elementor-widget-wrap elementor-element-populated\">\n\t\t\t\t\t\t<div class=\"elementor-element elementor-element-5d5a94e sc_height_huge sc_fly_static elementor-widget elementor-widget-spacer\" data-id=\"5d5a94e\" data-element_type=\"widget\" data-widget_type=\"spacer.default\">\n\t\t\t\t<div class=\"elementor-widget-container\">\n\t\t\t\t\t\t\t<div class=\"elementor-spacer\">\n\t\t\t<div class=\"elementor-spacer-inner\"><\/div>\n\t\t<\/div>\n\t\t\t\t\t\t<\/div>\n\t\t\t\t<\/div>\n\t\t\t\t<div class=\"elementor-element elementor-element-7ed8b5a sc_fly_static elementor-widget elementor-widget-trx_sc_title\" data-id=\"7ed8b5a\" data-element_type=\"widget\" data-widget_type=\"trx_sc_title.default\">\n\t\t\t\t<div class=\"elementor-widget-container\">\n\t\t\t\t\t<div\t\tclass=\"sc_title sc_title_default\" ><span class=\"sc_item_subtitle sc_title_subtitle sc_align_center sc_item_subtitle_above sc_item_title_style_default\">Applicazioni multiple<\/span><h4 class=\"sc_item_title sc_title_title sc_align_center sc_item_title_style_default sc_item_title_tag sc_typed\"\n\t\t\t><span class=\"sc_item_title_text\">Scopri i nostri filati di alta qualit\u00e0 progettati per soddisfare le <i>esigenze uniche<\/i> del tuo settore e migliorare i tuoi progetti<\/span><\/h4><\/div>\t\t\t\t<\/div>\n\t\t\t\t<\/div>\n\t\t\t\t<div class=\"elementor-element elementor-element-0dc6889 sc_fly_static elementor-widget elementor-widget-spacer\" data-id=\"0dc6889\" data-element_type=\"widget\" data-widget_type=\"spacer.default\">\n\t\t\t\t<div class=\"elementor-widget-container\">\n\t\t\t\t\t\t\t<div class=\"elementor-spacer\">\n\t\t\t<div class=\"elementor-spacer-inner\"><\/div>\n\t\t<\/div>\n\t\t\t\t\t\t<\/div>\n\t\t\t\t<\/div>\n\t\t\t\t<div class=\"elementor-element elementor-element-607728e sc_fly_static elementor-widget elementor-widget-text-editor\" data-id=\"607728e\" data-element_type=\"widget\" data-widget_type=\"text-editor.default\">\n\t\t\t\t<div class=\"elementor-widget-container\">\n\t\t\t\t\t\t\t\t\t<p style=\"text-align: center;\"><a class=\"simple_text_link underline_anim\" href=\"https:\/\/lonfilyarns.com\/it\/contact-us\/\">Trova il filato giusto per il tuo settore<\/a><\/p>\t\t\t\t\t\t\t\t<\/div>\n\t\t\t\t<\/div>\n\t\t\t\t<div class=\"elementor-element elementor-element-ca47894 sc_height_huge sc_fly_static elementor-widget elementor-widget-spacer\" data-id=\"ca47894\" data-element_type=\"widget\" data-widget_type=\"spacer.default\">\n\t\t\t\t<div class=\"elementor-widget-container\">\n\t\t\t\t\t\t\t<div class=\"elementor-spacer\">\n\t\t\t<div class=\"elementor-spacer-inner\"><\/div>\n\t\t<\/div>\n\t\t\t\t\t\t<\/div>\n\t\t\t\t<\/div>\n\t\t\t\t\t<\/div>\n\t\t<\/div>\n\t\t\t\t\t<\/div>\n\t\t<\/section>\n\t\t\t\t<\/div>\n\t\t","protected":false},"excerpt":{"rendered":"<p>Applicazioni versatili del filato per ogni settore I filati sostenibili e di alta qualit\u00e0 di&hellip;<\/p>\n","protected":false},"author":1,"featured_media":0,"parent":0,"menu_order":0,"comment_status":"closed","ping_status":"closed","template":"","meta":{"footnotes":""},"class_list":["post-23187","page","type-page","status-publish","hentry"],"_links":{"self":[{"href":"https:\/\/lonfilyarns.com\/it\/wp-json\/wp\/v2\/pages\/23187","targetHints":{"allow":["GET"]}}],"collection":[{"href":"https:\/\/lonfilyarns.com\/it\/wp-json\/wp\/v2\/pages"}],"about":[{"href":"https:\/\/lonfilyarns.com\/it\/wp-json\/wp\/v2\/types\/page"}],"author":[{"embeddable":true,"href":"https:\/\/lonfilyarns.com\/it\/wp-json\/wp\/v2\/users\/1"}],"replies":[{"embeddable":true,"href":"https:\/\/lonfilyarns.com\/it\/wp-json\/wp\/v2\/comments?post=23187"}],"version-history":[{"count":7,"href":"https:\/\/lonfilyarns.com\/it\/wp-json\/wp\/v2\/pages\/23187\/revisions"}],"predecessor-version":[{"id":23649,"href":"https:\/\/lonfilyarns.com\/it\/wp-json\/wp\/v2\/pages\/23187\/revisions\/23649"}],"wp:attachment":[{"href":"https:\/\/lonfilyarns.com\/it\/wp-json\/wp\/v2\/media?parent=23187"}],"curies":[{"name":"wp","href":"https:\/\/api.w.org\/{rel}","templated":true}]}}